{"id":653,"date":"2025-10-23T08:18:07","date_gmt":"2025-10-23T08:18:07","guid":{"rendered":"https:\/\/pinganmachinery.com\/?post_type=product&#038;p=653"},"modified":"2025-11-19T01:20:26","modified_gmt":"2025-11-19T01:20:26","slug":"type-120-crawler-mucking-loader","status":"publish","type":"product","link":"https:\/\/pinganmachinery.com\/es\/product\/type-120-crawler-mucking-loader\/","title":{"rendered":"Cargadora de orugas tipo 120 con martillo hidr\u00e1ulico"},"content":{"rendered":"<p><script src=\"https:\/\/cdn.tailwindcss.com\"><\/script><br \/>\n<script>\n        tailwind.config = {\n            theme: {\n                extend: {\n                    colors: {\n                        primary: '#0f766e',\n                        secondary: '#0d9488',\n                        accent: '#f59e0b',\n                        dark: '#1e293b',\n                        light: '#f8fafc'\n                    },\n                    fontFamily: {\n                        sans: ['Inter', 'system-ui', 'sans-serif'],\n                    },\n                }\n            }\n        }\n    <\/script><\/p>\n<style type=\"text\/tailwindcss\">\n        @layer utilities {<br \/>            .content-auto {<br \/>                content-visibility: auto;<br \/>            }<br \/>            .table-shadow {<br \/>                box-shadow: 0 4px 20px rgba(0, 0, 0, 0.08);<br \/>            }<br \/>            .spec-hover {<br \/>                transition: all 0.3s ease;<br \/>            }<br \/>            .spec-hover:hover {<br \/>                background-color: rgba(13, 148, 136, 0.05);<br \/>                transform: translateX(4px);<br \/>            }<br \/>        }<br \/>    <\/style>\n<p><!-- Header Section --><\/p>\n<header class=\"bg-gradient-to-r from-primary to-secondary text-white shadow-lg\">\n<div class=\"container mx-auto px-4 py-8 md:py-12\">\n<div class=\"flex flex-col md:flex-row items-center justify-between\">\n<div class=\"mb-6 md:mb-0\">\n<h3 class=\"text-[clamp(1.8rem,5vw,3rem)] font-bold tracking-tight\">Type 120 Crawler Mucking Loader With Hydraulic Hammer<\/h3>\n<p class=\"text-teal-100 mt-2 text-[clamp(1rem,2vw,1.2rem)]\">Technical Specifications &amp; Configuration<\/p>\n<\/div>\n<div class=\"bg-white\/10 backdrop-blur-sm px-6 py-3 rounded-lg\"><i class=\"fa fa-wrench text-3xl mr-3\"><\/i><br \/>\n<span class=\"text-lg font-medium\">Milling Equipment<\/span><\/div>\n<\/div>\n<\/div>\n<\/header>\n<p><!-- Main Content --><\/p>\n<p><main class=\"container mx-auto px-4 py-8 md:py-12\"><br \/>\n<!-- Product Overview Card --><\/main><\/p>\n<div class=\"bg-white rounded-xl shadow-md p-6 md:p-8 mb-10 transform transition-all hover:shadow-lg\">\n<div class=\"flex flex-col md:flex-row items-center\">\n<div class=\"w-full md:w-1\/3 mb-6 md:mb-0\">\n<div class=\"bg-gray-100 rounded-lg h-64 md:h-80 flex items-center justify-center overflow-hidden\"><i class=\"fa fa-industry text-gray-300 text-9xl\"><\/i><br \/>\n<!-- Replace with actual image: <img decoding=\"async\" src=\"milling-excavator.jpg\" alt=\"Type 120 Milling Excavator\" class=\"w-full h-full object-cover\"> --><\/div>\n<\/div>\n<div class=\"w-full md:w-2\/3 md:pl-8\">\n<h3 class=\"text-2xl md:text-3xl font-bold text-gray-800 mb-4\">Product Overview<\/h3>\n<p class=\"text-gray-600 mb-4\">The Crawler Mucking Loader With Hydraulic Hammer is a multi-functional tunnel maintenance and excavation equipment, mainly used for tunnel excavation, top danger removal, tunnel expansion, and digging tunnel drainage ditches. It can crush the roof, floor, and side plates of coal tunnels, semi-coal rock tunnels, and full rock tunnels. It can also break down large rocks and coal blocks for shipment.<\/p>\n<div class=\"grid grid-cols-2 md:grid-cols-4 gap-4 mt-6\">\n<div class=\"bg-teal-50 p-3 rounded-lg text-center\">\n<p class=\"text-sm text-gray-500\">Total Weight<\/p>\n<p class=\"text-lg font-semibold text-primary\">8,200 kg<\/p>\n<\/div>\n<div class=\"bg-teal-50 p-3 rounded-lg text-center\">\n<p class=\"text-sm text-gray-500\">Milling Head Width<\/p>\n<p class=\"text-lg font-semibold text-primary\">780 mm<\/p>\n<\/div>\n<div class=\"bg-teal-50 p-3 rounded-lg text-center\">\n<p class=\"text-sm text-gray-500\">Max Swing Angle<\/p>\n<p class=\"text-lg font-semibold text-primary\">55\u00b0<\/p>\n<\/div>\n<div class=\"bg-teal-50 p-3 rounded-lg text-center\">\n<p class=\"text-sm text-gray-500\">Working Pressure<\/p>\n<p class=\"text-lg font-semibold text-primary\">20-32 MPa<\/p>\n<\/div>\n<\/div>\n<\/div>\n<\/div>\n<\/div>\n<p><!-- Specifications Table --><\/p>\n<section class=\"mb-12\">\n<div class=\"flex items-center mb-6\">\n<p>&nbsp;<\/p>\n<h3 class=\"text-2xl font-bold text-gray-800\">Technical Specifications<\/h3>\n<\/div>\n<div class=\"overflow-x-auto bg-white rounded-xl table-shadow\">\n<table width=\"643\">\n<tbody>\n<tr>\n<td width=\"148\">NO<\/td>\n<td colspan=\"2\" width=\"174\">Project<\/td>\n<td width=\"123\">Unit<\/td>\n<td width=\"198\">Technical specifications<\/td>\n<\/tr>\n<tr>\n<td width=\"148\">1<\/td>\n<td colspan=\"2\" width=\"174\">Total weight<\/td>\n<td width=\"123\">kg<\/td>\n<td width=\"198\">14800-16800<\/td>\n<\/tr>\n<tr>\n<td width=\"148\">2<\/td>\n<td colspan=\"2\" width=\"174\">Loading capacity<\/td>\n<td width=\"123\">m\u00b3\/h<\/td>\n<td width=\"198\">120<\/td>\n<\/tr>\n<tr>\n<td width=\"148\">3<\/td>\n<td colspan=\"2\" width=\"174\">Excavation width<\/td>\n<td width=\"123\">mm<\/td>\n<td width=\"198\">4800-5300<\/td>\n<\/tr>\n<tr>\n<td width=\"148\">4<\/td>\n<td colspan=\"2\" width=\"174\">Digging distance (from bucket mouth)<\/td>\n<td width=\"123\">mm<\/td>\n<td width=\"198\">\u22652200<\/td>\n<\/tr>\n<tr>\n<td width=\"148\">5<\/td>\n<td colspan=\"2\" width=\"174\">Excavation height<\/td>\n<td width=\"123\">mm<\/td>\n<td width=\"198\">2700-3300<\/td>\n<\/tr>\n<tr>\n<td width=\"148\">6<\/td>\n<td colspan=\"2\" width=\"174\">Excavation depth<\/td>\n<td width=\"123\">mm<\/td>\n<td width=\"198\">400-700<\/td>\n<\/tr>\n<tr>\n<td width=\"148\">7<\/td>\n<td colspan=\"2\" width=\"174\">Unladen height<\/td>\n<td width=\"123\">mm<\/td>\n<td width=\"198\">1900 (Variable)<\/td>\n<\/tr>\n<tr>\n<td width=\"148\">8<\/td>\n<td colspan=\"2\" width=\"174\">Unladen distance<\/td>\n<td width=\"123\">mm<\/td>\n<td width=\"198\">2000 (Variable)<\/td>\n<\/tr>\n<tr>\n<td width=\"148\">9<\/td>\n<td colspan=\"2\" width=\"174\">Travel speed<\/td>\n<td width=\"123\">m\/s<\/td>\n<td width=\"198\">2.15\/3.8<\/td>\n<\/tr>\n<tr>\n<td width=\"148\">10<\/td>\n<td colspan=\"2\" width=\"174\">Scraper chain speed<\/td>\n<td width=\"123\">m\/min<\/td>\n<td width=\"198\">40<\/td>\n<\/tr>\n<tr>\n<td width=\"148\">11<\/td>\n<td colspan=\"2\" width=\"174\">Type of scraper chain conveying mechanism<\/td>\n<td width=\"123\"><\/td>\n<td width=\"198\">Single-chain single<br \/>\ndrive; double chain<br \/>\ndouble drive<\/td>\n<\/tr>\n<tr>\n<td width=\"148\">12<\/td>\n<td colspan=\"2\" width=\"174\">Applicableway gradient<\/td>\n<td width=\"123\">\uff08\u00b0\uff09<\/td>\n<td width=\"198\">\u226418<\/td>\n<\/tr>\n<tr>\n<td width=\"148\">13<\/td>\n<td colspan=\"2\" width=\"174\">Minimum turning radius<\/td>\n<td width=\"123\">m<\/td>\n<td width=\"198\">\u22655<\/td>\n<\/tr>\n<tr>\n<td width=\"148\">14<\/td>\n<td colspan=\"2\" width=\"174\">Rated working pressure<\/td>\n<td width=\"123\">MPa<\/td>\n<td width=\"198\">25-35<\/td>\n<\/tr>\n<tr>\n<td width=\"148\">15<\/td>\n<td colspan=\"2\" width=\"174\">Ground pressure<\/td>\n<td width=\"123\">MPa<\/td>\n<td width=\"198\">\u22640.1<\/td>\n<\/tr>\n<tr>\n<td width=\"148\">16<\/td>\n<td colspan=\"2\" width=\"174\">Ground clearance<\/td>\n<td width=\"123\">mm<\/td>\n<td width=\"198\">270 (can be raised)<\/td>\n<\/tr>\n<tr>\n<td width=\"148\">17<\/td>\n<td colspan=\"2\" width=\"174\">Motor power<\/td>\n<td width=\"123\">kW<\/td>\n<td width=\"198\">45\/55<\/td>\n<\/tr>\n<tr>\n<td width=\"148\">18<\/td>\n<td colspan=\"2\" width=\"174\">Method of operation<\/td>\n<td width=\"123\"><\/td>\n<td width=\"198\">1100<\/td>\n<\/tr>\n<tr>\n<td width=\"148\">19<\/td>\n<td colspan=\"2\" width=\"174\">\u00a0Width of track inside<\/td>\n<td width=\"123\">mm<\/td>\n<td width=\"198\">900<\/td>\n<\/tr>\n<tr>\n<td width=\"148\">20<\/td>\n<td colspan=\"2\" width=\"174\">Maximum material (length*width*height)<\/td>\n<td width=\"123\">mm<\/td>\n<td width=\"198\">8000*780*700<\/td>\n<\/tr>\n<tr>\n<td width=\"148\">21<\/td>\n<td colspan=\"2\" width=\"174\">Maximum slewing angle of the boom<\/td>\n<td width=\"123\">\uff08\u00b0\uff09<\/td>\n<td width=\"198\">\u00b150<\/td>\n<\/tr>\n<tr>\n<td width=\"148\">22<\/td>\n<td width=\"135\">Dimensions (transport<br \/>\ncondition)<\/td>\n<td width=\"39\">LxWxH<\/td>\n<td width=\"123\">mm<\/td>\n<td width=\"198\">6500x2000x2300<\/td>\n<\/tr>\n<\/tbody>\n<\/table>\n<\/div>\n<\/section>\n<p><!-- Key Features Highlight --><\/p>\n<section class=\"mb-12\">\n<div class=\"flex items-center mb-6\">\n<p>&nbsp;<\/p>\n<\/div>\n<\/section>\n","protected":false},"excerpt":{"rendered":"<p>La cargadora de orugas con martillo hidr\u00e1ulico es un equipo multifuncional para el mantenimiento y la excavaci\u00f3n de t\u00faneles, utilizado principalmente para la excavaci\u00f3n, la eliminaci\u00f3n de obst\u00e1culos en la parte superior, la ampliaci\u00f3n de t\u00faneles y la excavaci\u00f3n de zanjas de drenaje. Puede triturar el techo, el suelo y las paredes de t\u00faneles de carb\u00f3n, t\u00faneles de roca semicarb\u00f3n y t\u00faneles de roca total. Tambi\u00e9n puede fragmentar grandes rocas y bloques de carb\u00f3n para su transporte.<\/p>","protected":false},"featured_media":654,"comment_status":"open","ping_status":"closed","template":"","meta":[],"product_brand":[],"product_cat":[18],"product_tag":[],"class_list":{"0":"post-653","1":"product","2":"type-product","3":"status-publish","4":"has-post-thumbnail","6":"product_cat-excavator-loader","8":"first","9":"instock","10":"shipping-taxable","11":"product-type-simple"},"_links":{"self":[{"href":"https:\/\/pinganmachinery.com\/es\/wp-json\/wp\/v2\/product\/653","targetHints":{"allow":["GET"]}}],"collection":[{"href":"https:\/\/pinganmachinery.com\/es\/wp-json\/wp\/v2\/product"}],"about":[{"href":"https:\/\/pinganmachinery.com\/es\/wp-json\/wp\/v2\/types\/product"}],"replies":[{"embeddable":true,"href":"https:\/\/pinganmachinery.com\/es\/wp-json\/wp\/v2\/comments?post=653"}],"wp:featuredmedia":[{"embeddable":true,"href":"https:\/\/pinganmachinery.com\/es\/wp-json\/wp\/v2\/media\/654"}],"wp:attachment":[{"href":"https:\/\/pinganmachinery.com\/es\/wp-json\/wp\/v2\/media?parent=653"}],"wp:term":[{"taxonomy":"product_brand","embeddable":true,"href":"https:\/\/pinganmachinery.com\/es\/wp-json\/wp\/v2\/product_brand?post=653"},{"taxonomy":"product_cat","embeddable":true,"href":"https:\/\/pinganmachinery.com\/es\/wp-json\/wp\/v2\/product_cat?post=653"},{"taxonomy":"product_tag","embeddable":true,"href":"https:\/\/pinganmachinery.com\/es\/wp-json\/wp\/v2\/product_tag?post=653"}],"curies":[{"name":"wp","href":"https:\/\/api.w.org\/{rel}","templated":true}]}}