{"id":123,"date":"2025-10-16T03:57:08","date_gmt":"2025-10-16T03:57:08","guid":{"rendered":"https:\/\/pinganmachinery.com\/?post_type=product&#038;p=123"},"modified":"2025-11-19T02:07:22","modified_gmt":"2025-11-19T02:07:22","slug":"mining-tracked-hydraulic-breaker","status":"publish","type":"product","link":"https:\/\/pinganmachinery.com\/es\/product\/mining-tracked-hydraulic-breaker\/","title":{"rendered":"Martillo hidr\u00e1ulico sobre orugas para miner\u00eda"},"content":{"rendered":"<h3 class=\"header-vfC6AV auto-hide-last-sibling-br\">Aplicaci\u00f3n y caracter\u00edsticas principales<\/h3>\n<div class=\"auto-hide-last-sibling-br paragraph-JOTKXA paragraph-element br-paragraph-space\">Dise\u00f1ado para escenarios que requieren un procesamiento eficiente de rocas y excavaci\u00f3n de t\u00faneles, con las siguientes funciones clave:<\/div>\n<div class=\"container-utlnW2 md-box-line-break wrapper-d0Cc1k undefined\"><\/div>\n<ul class=\"auto-hide-last-sibling-br\">\n<li>\n<div class=\"auto-hide-last-sibling-br paragraph-JOTKXA paragraph-element br-paragraph-space\"><strong>Usos principales<\/strong><\/div>\n<ol class=\"auto-hide-last-sibling-br\">\n<li>Triturar rocas de extrema dureza.<\/li>\n<li>Excavaci\u00f3n de t\u00faneles mineros.<\/li>\n<\/ol>\n<\/li>\n<li>\n<div class=\"auto-hide-last-sibling-br paragraph-JOTKXA paragraph-element br-paragraph-space\"><strong>Ventaja clave<\/strong><\/div>\n<ul class=\"auto-hide-last-sibling-br\">\n<li>Funciona sin necesidad de voladuras ni el uso de explosivos.<\/li>\n<\/ul>\n<\/li>\n<\/ul>\n<p>&nbsp;<\/p>\n<style>\n        \/* \u5168\u5c40\u6837\u5f0f\u91cd\u7f6e\uff1a\u6d88\u9664\u9ed8\u8ba4\u8fb9\u8ddd\uff0c\u7edf\u4e00\u76d2\u6a21\u578b *\/<br \/>        * {<br \/>            margin: 0;<br \/>            padding: 0;<br \/>            box-sizing: border-box;<br \/>            font-family: 'Segoe UI', Arial, sans-serif;<br \/>        }<br \/>        \/* \u9875\u9762\u80cc\u666f\u4e0e\u5185\u8fb9\u8ddd\uff1a\u63d0\u5347\u89c6\u89c9\u8212\u9002\u5ea6 *\/<br \/>        body {<br \/>            padding: 24px;<br \/>            background-color: #f5f7fa;<br \/>        }<br \/>        \/* \u8868\u683c\u6807\u9898\u6837\u5f0f\uff1a\u7a81\u51fa\u4e3b\u9898\uff0c\u589e\u52a0\u5e95\u90e8\u8fb9\u6846\u533a\u5206 *\/<br \/>        .table-header {<br \/>            color: #1f2937;<br \/>            font-size: 24px;<br \/>            font-weight: 600;<br \/>            margin-bottom: 20px;<br \/>            border-bottom: 2px solid #165DFF;<br \/>            padding-bottom: 10px;<br \/>        }<br \/>        \/* \u5168\u5bbd\u8868\u683c\u6838\u5fc3\u6837\u5f0f\uff1a100%\u5bbd\u5ea6\uff0c\u5706\u89d2\u4e0e\u9634\u5f71\u589e\u5f3a\u8d28\u611f *\/<br \/>        .tech-params-table {<br \/>            width: 100%;<br \/>            border-collapse: collapse;<br \/>            background-color: #ffffff;<br \/>            border-radius: 10px;<br \/>            overflow: hidden;<br \/>            box-shadow: 0 2px 10px rgba(0, 0, 0, 0.05);<br \/>        }<br \/>        \/* \u8868\u5934\u6837\u5f0f\uff1a\u6df1\u84dd\u8272\u80cc\u666f+\u767d\u8272\u6587\u5b57\uff0c\u63d0\u5347\u8fa8\u8bc6\u5ea6 *\/<br \/>        .tech-params-table th {<br \/>            background-color: #165DFF;<br \/>            color: #ffffff;<br \/>            text-align: left;<br \/>            padding: 14px 20px;<br \/>            font-size: 15px;<br \/>            font-weight: 500;<br \/>        }<br \/>        \/* \u8868\u683c\u5185\u5bb9\u5355\u5143\u683c\u6837\u5f0f\uff1a\u7edf\u4e00\u5185\u8fb9\u8ddd\u4e0e\u6587\u5b57\u989c\u8272\uff0c\u5e95\u90e8\u8fb9\u6846\u5206\u9694\u884c *\/<br \/>        .tech-params-table td {<br \/>            padding: 14px 20px;<br \/>            color: #374151;<br \/>            font-size: 14px;<br \/>            border-bottom: 1px solid #f0f2f5;<br \/>        }<br \/>        \/* \u4ea4\u66ff\u884c\u80cc\u666f\u8272\uff1a\u63d0\u5347\u8868\u683c\u53ef\u8bfb\u6027\uff0c\u907f\u514d\u89c6\u89c9\u75b2\u52b3 *\/<br \/>        .tech-params-table tbody tr:nth-child(even) {<br \/>            background-color: #fafbfc;<br \/>        }<br \/>        \/* \u884chover\u4ea4\u4e92\uff1a\u9f20\u6807\u60ac\u6d6e\u65f6\u9ad8\u4eae\uff0c\u589e\u5f3a\u64cd\u4f5c\u53cd\u9988 *\/<br \/>        .tech-params-table tbody tr:hover {<br \/>            background-color: #e8f3ff;<br \/>            transition: background-color 0.25s ease;<br \/>        }<br \/>        \/* \u54cd\u5e94\u5f0f\u9002\u914d\uff08\u5e73\u677f\u53ca\u4ee5\u4e0b\uff09\uff1a\u7f29\u5c0f\u5185\u8fb9\u8ddd\u4e0e\u5b57\u4f53\uff0c\u786e\u4fdd\u4e0d\u6a2a\u5411\u6eda\u52a8 *\/<br \/>        @media (max-width: 768px) {<br \/>            .tech-params-table th, .tech-params-table td {<br \/>                padding: 12px 15px;<br \/>                font-size: 13px;<br \/>            }<br \/>            .table-header {<br \/>                font-size: 20px;<br \/>            }<br \/>            \/* \u89c4\u683c\u5217\u4e0d\u6362\u884c\uff1a\u907f\u514d\u5173\u952e\u53c2\u6570\u622a\u65ad *\/<br \/>            .tech-params-table td:last-child {<br \/>                white-space: nowrap;<br \/>            }<br \/>        }<br \/>        \/* \u8d85\u5c0f\u5c4f\u5e55\uff08\u624b\u673a\uff09\u9002\u914d\uff1a\u8fdb\u4e00\u6b65\u538b\u7f29\u8fb9\u8ddd\uff0c\u9002\u914d\u5c0f\u5c4f\u663e\u793a *\/<br \/>        @media (max-width: 480px) {<br \/>            .tech-params-table th, .tech-params-table td {<br \/>                padding: 10px 12px;<br \/>                font-size: 12px;<br \/>            }<br \/>            body {<br \/>                padding: 12px;<br \/>            }<br \/>        }<br \/>    <\/style>\n<p><!-- \u8868\u683c\u6807\u9898\uff1a\u660e\u786e\u4ea7\u54c1\u7c7b\u578b\u4e0e\u5185\u5bb9\u4e3b\u9898 --><\/p>\n<h3 class=\"table-header\">Martillo hidr\u00e1ulico sobre orugas para miner\u00eda: Par\u00e1metros t\u00e9cnicos<\/h3>\n<p><!-- \u6280\u672f\u53c2\u6570\u8868\u683c\uff1a\u4e09\u5217\u5e03\u5c40\uff08\u53c2\u6570\u540d\u79f0\u3001\u5355\u4f4d\u3001\u89c4\u683c\uff09 --><\/p>\n<table class=\"tech-params-table\">\n<thead>\n<tr>\n<th>Par\u00e1metro<\/th>\n<th>Unidad<\/th>\n<th>Especificaci\u00f3n<\/th>\n<\/tr>\n<\/thead>\n<tbody>\n<tr>\n<td>Ancho de excavaci\u00f3n<\/td>\n<td>mm<\/td>\n<td>\u22654800<\/td>\n<\/tr>\n<tr>\n<td>Cobertura<\/td>\n<td>mm<\/td>\n<td>\u22652800<\/td>\n<\/tr>\n<tr>\n<td>Altura de excavaci\u00f3n<\/td>\n<td>mm<\/td>\n<td>\u22654500<\/td>\n<\/tr>\n<tr>\n<td>Profundidad de excavaci\u00f3n<\/td>\n<td>mm<\/td>\n<td>\u22651000<\/td>\n<\/tr>\n<tr>\n<td>Altura de desinstalaci\u00f3n<\/td>\n<td>mm<\/td>\n<td>1500-2000<\/td>\n<\/tr>\n<tr>\n<td>Altura m\u00e1xima de descarga<\/td>\n<td>mm<\/td>\n<td>\u22651600<\/td>\n<\/tr>\n<tr>\n<td>Distancia de desinstalaci\u00f3n<\/td>\n<td>mm<\/td>\n<td>2200<\/td>\n<\/tr>\n<tr>\n<td>\u00e1ngulo de rotaci\u00f3n m\u00e1ximo<\/td>\n<td>(\u00b0)<\/td>\n<td>\u00b145<\/td>\n<\/tr>\n<tr>\n<td>Ancho de la placa de la v\u00eda<\/td>\n<td>mm<\/td>\n<td>400<\/td>\n<\/tr>\n<tr>\n<td>altura libre al suelo<\/td>\n<td>mm<\/td>\n<td>260<\/td>\n<\/tr>\n<tr>\n<td>Velocidad de desplazamiento<\/td>\n<td>m\/min<\/td>\n<td>0.6<\/td>\n<\/tr>\n<tr>\n<td>Forma de transporte del raspador<\/td>\n<td>\u2013<\/td>\n<td>Cadena \u00fanica, transmisi\u00f3n \u00fanica<\/td>\n<\/tr>\n<tr>\n<td>Radio de giro m\u00ednimo<\/td>\n<td>metro<\/td>\n<td>\u22657<\/td>\n<\/tr>\n<tr>\n<td>Modo de funcionamiento<\/td>\n<td>\u2013<\/td>\n<td>Operaci\u00f3n piloto<\/td>\n<\/tr>\n<tr>\n<td>Tama\u00f1o m\u00e1ximo del material pasante<\/td>\n<td>mm<\/td>\n<td>750\u00d7700\u00d7650<\/td>\n<\/tr>\n<tr>\n<td>Adecuado para secciones de t\u00faneles de tama\u00f1o<\/td>\n<td>metro<\/td>\n<td>3\u00d73<\/td>\n<\/tr>\n<tr>\n<td>Capacidad del cubo<\/td>\n<td>m\u00b3<\/td>\n<td>65-85<\/td>\n<\/tr>\n<\/tbody>\n<\/table>\n<p>&nbsp;<\/p>","protected":false},"excerpt":{"rendered":"<p>Los martillos hidr\u00e1ulicos sobre orugas para miner\u00eda se utilizan principalmente para triturar rocas extremadamente duras y para excavar t\u00faneles mineros sin necesidad de voladuras ni el uso de explosivos.<\/p>","protected":false},"featured_media":244,"comment_status":"open","ping_status":"closed","template":"","meta":[],"product_brand":[],"product_cat":[20],"product_tag":[],"class_list":{"0":"post-123","1":"product","2":"type-product","3":"status-publish","4":"has-post-thumbnail","6":"product_cat-rock-breaker","8":"first","9":"instock","10":"shipping-taxable","11":"product-type-simple"},"_links":{"self":[{"href":"https:\/\/pinganmachinery.com\/es\/wp-json\/wp\/v2\/product\/123","targetHints":{"allow":["GET"]}}],"collection":[{"href":"https:\/\/pinganmachinery.com\/es\/wp-json\/wp\/v2\/product"}],"about":[{"href":"https:\/\/pinganmachinery.com\/es\/wp-json\/wp\/v2\/types\/product"}],"replies":[{"embeddable":true,"href":"https:\/\/pinganmachinery.com\/es\/wp-json\/wp\/v2\/comments?post=123"}],"wp:featuredmedia":[{"embeddable":true,"href":"https:\/\/pinganmachinery.com\/es\/wp-json\/wp\/v2\/media\/244"}],"wp:attachment":[{"href":"https:\/\/pinganmachinery.com\/es\/wp-json\/wp\/v2\/media?parent=123"}],"wp:term":[{"taxonomy":"product_brand","embeddable":true,"href":"https:\/\/pinganmachinery.com\/es\/wp-json\/wp\/v2\/product_brand?post=123"},{"taxonomy":"product_cat","embeddable":true,"href":"https:\/\/pinganmachinery.com\/es\/wp-json\/wp\/v2\/product_cat?post=123"},{"taxonomy":"product_tag","embeddable":true,"href":"https:\/\/pinganmachinery.com\/es\/wp-json\/wp\/v2\/product_tag?post=123"}],"curies":[{"name":"wp","href":"https:\/\/api.w.org\/{rel}","templated":true}]}}