{"id":341,"date":"2025-10-20T09:42:08","date_gmt":"2025-10-20T09:42:08","guid":{"rendered":"https:\/\/pinganmachinery.com\/?page_id=341"},"modified":"2025-10-21T07:53:22","modified_gmt":"2025-10-21T07:53:22","slug":"shipping-policy","status":"publish","type":"page","link":"https:\/\/pinganmachinery.com\/es\/shipping-policy\/","title":{"rendered":"Pol\u00edtica de env\u00edos"},"content":{"rendered":"<style>.elementor-341 .elementor-element.elementor-element-788b5cb > .elementor-container{min-height:40vh;}.elementor-341 .elementor-element.elementor-element-788b5cb:not(.elementor-motion-effects-element-type-background), .elementor-341 .elementor-element.elementor-element-788b5cb > .elementor-motion-effects-container > .elementor-motion-effects-layer{background-image:url(\"https:\/\/pinganmachinery.com\/wp-content\/uploads\/2025\/10\/page1.jpg\");background-position:center center;background-repeat:no-repeat;background-size:cover;}.elementor-341 .elementor-element.elementor-element-788b5cb > .elementor-background-overlay{background-color:var( --e-global-color-89f7e6c );opacity:0.5;transition:background 0.3s, border-radius 0.3s, opacity 0.3s;}.elementor-341 .elementor-element.elementor-element-788b5cb{transition:background 0.3s, border 0.3s, border-radius 0.3s, box-shadow 0.3s;padding:0em 0em 0em 0em;}.elementor-341 .elementor-element.elementor-element-aedead0 > .elementor-widget-wrap > .elementor-widget:not(.elementor-widget__width-auto):not(.elementor-widget__width-initial):not(:last-child):not(.elementor-absolute){--kit-widget-spacing:15px;}.elementor-341 .elementor-element.elementor-element-aedead0 > .elementor-element-populated{padding:1em 1em 1em 1em;}.elementor-341 .elementor-element.elementor-element-47a49b2{text-align:start;margin:0% 30% calc(var(--kit-widget-spacing, 0px) + 0%) 0%;padding:0em 0em 0em 0em;}.elementor-341 .elementor-element.elementor-element-47a49b2 .elementor-heading-title{font-size:55px;font-weight:700;text-transform:capitalize;line-height:1em;color:var( --e-global-color-bbe1b60 );}.elementor-341 .elementor-element.elementor-element-98cebae{text-align:start;font-size:16px;font-weight:400;line-height:1em;color:var( --e-global-color-accent );margin:0% 0% calc(var(--kit-widget-spacing, 0px) + -1%) 0%;padding:2px 2px 2px 2px;}.elementor-341 .elementor-element.elementor-element-6d7a9f30{--display:flex;}.elementor-341 .elementor-element.elementor-element-118245e9{margin:50px 0px calc(var(--kit-widget-spacing, 0px) + 0px) 0px;}:root{--page-title-display:none;}@media(min-width:1025px){.elementor-341 .elementor-element.elementor-element-788b5cb:not(.elementor-motion-effects-element-type-background), .elementor-341 .elementor-element.elementor-element-788b5cb > .elementor-motion-effects-container > .elementor-motion-effects-layer{background-attachment:scroll;}}@media(max-width:1024px){.elementor-341 .elementor-element.elementor-element-788b5cb > .elementor-container{min-height:35vh;}.elementor-341 .elementor-element.elementor-element-47a49b2 .elementor-heading-title{font-size:3.5rem;}.elementor-341 .elementor-element.elementor-element-98cebae{font-size:1rem;}}@media(max-width:767px){.elementor-341 .elementor-element.elementor-element-788b5cb > .elementor-container{min-height:30vh;}.elementor-341 .elementor-element.elementor-element-aedead0 > .elementor-widget-wrap > .elementor-widget:not(.elementor-widget__width-auto):not(.elementor-widget__width-initial):not(:last-child):not(.elementor-absolute){--kit-widget-spacing:5px;}.elementor-341 .elementor-element.elementor-element-47a49b2{text-align:start;margin:1% 1% calc(var(--kit-widget-spacing, 0px) + 1%) 1%;}.elementor-341 .elementor-element.elementor-element-47a49b2 .elementor-heading-title{font-size:2.5rem;}.elementor-341 .elementor-element.elementor-element-98cebae{font-size:0.9rem;}}<\/style>\t\t<div data-elementor-type=\"wp-page\" data-elementor-id=\"341\" class=\"elementor elementor-341\" data-elementor-post-type=\"page\">\n\t\t\t\t\t\t<section class=\"elementor-section elementor-top-section elementor-element elementor-element-788b5cb elementor-section-height-min-height elementor-section-boxed elementor-section-height-default elementor-section-items-middle\" data-id=\"788b5cb\" data-element_type=\"section\" data-e-type=\"section\" data-settings=\"{&quot;background_background&quot;:&quot;classic&quot;}\">\n\t\t\t\t\t\t\t<div class=\"elementor-background-overlay\"><\/div>\n\t\t\t\t\t\t\t<div class=\"elementor-container elementor-column-gap-default\">\n\t\t\t\t\t<div class=\"elementor-column elementor-col-100 elementor-top-column elementor-element elementor-element-aedead0\" data-id=\"aedead0\" data-element_type=\"column\" data-e-type=\"column\">\n\t\t\t<div class=\"elementor-widget-wrap elementor-element-populated\">\n\t\t\t\t\t\t<div class=\"elementor-element elementor-element-47a49b2 elementor-widget elementor-widget-heading\" data-id=\"47a49b2\" data-element_type=\"widget\" data-e-type=\"widget\" data-widget_type=\"heading.default\">\n\t\t\t\t\t<h1 class=\"elementor-heading-title elementor-size-default\">Pol\u00edtica de env\u00edos<\/h1>\t\t\t\t<\/div>\n\t\t\t\t<div class=\"elementor-element elementor-element-98cebae elementor-widget elementor-widget-text-editor\" data-id=\"98cebae\" data-element_type=\"widget\" data-e-type=\"widget\" data-widget_type=\"text-editor.default\">\n\t\t\t\t\t\t\t\t\t<p><a href=\"#\">P\u00e1gina principal<\/a> Pol\u00edtica de env\u00edos<\/p>\t\t\t\t\t\t\t\t<\/div>\n\t\t\t\t\t<\/div>\n\t\t<\/div>\n\t\t\t\t\t<\/div>\n\t\t<\/section>\n\t\t<div class=\"elementor-element elementor-element-6d7a9f30 e-flex e-con-boxed e-con e-parent\" data-id=\"6d7a9f30\" data-element_type=\"container\" data-e-type=\"container\">\n\t\t\t\t\t<div class=\"e-con-inner\">\n\t\t\t\t<div class=\"elementor-element elementor-element-118245e9 elementor-widget elementor-widget-text-editor\" data-id=\"118245e9\" data-element_type=\"widget\" data-e-type=\"widget\" data-widget_type=\"text-editor.default\">\n\t\t\t\t\t\t\t\t\t\n<p>En Shandong Ping&#039;an Construction Machinery Co., Ltd.<\/p>\n\n<p>Nos esforzamos por brindar una entrega puntual y eficiente de nuestros productos a nuestros clientes. Realizamos env\u00edos tanto a nivel nacional como internacional.<\/p>\n\n<h4 class=\"wp-block-heading\"><strong>Env\u00edo nacional:<\/strong><\/h4>\n\n<p>Realizamos env\u00edos de nuestros productos dentro de China continental a trav\u00e9s de diversas empresas de transporte, dependiendo del producto y la ubicaci\u00f3n del cliente.<\/p>\n\n<p>Los gastos de env\u00edo nacionales pueden variar seg\u00fan el peso y el tama\u00f1o del producto, as\u00ed como el destino del env\u00edo.<\/p>\n\n<p>El plazo estimado de entrega para env\u00edos nacionales suele ser de entre 3 y 7 d\u00edas h\u00e1biles, dependiendo de la empresa de transporte y del destino del env\u00edo.<\/p>\n\n<h4 class=\"wp-block-heading\"><strong>Env\u00edos internacionales:<\/strong><\/h4>\n\n<p>Realizamos env\u00edos de nuestros productos a clientes internacionales a trav\u00e9s de diversas empresas de transporte, dependiendo del producto y la ubicaci\u00f3n del cliente.<\/p>\n\n<p>Los gastos de env\u00edo internacional pueden variar seg\u00fan el peso y el tama\u00f1o del producto, as\u00ed como el destino del env\u00edo.<\/p>\n\n<p>El plazo de entrega estimado para env\u00edos internacionales var\u00eda seg\u00fan la empresa de transporte y el destino. Los plazos de entrega pueden verse afectados por tr\u00e1mites aduaneros y otros factores ajenos a nuestro control.<\/p>\n\n<p>Tenga en cuenta que no nos hacemos responsables de los aranceles, impuestos o tasas aduaneras que pueda imponer el pa\u00eds de destino. El cliente es responsable de dichos gastos.<\/p>\n\n<p>Si tiene alguna pregunta o inquietud sobre el env\u00edo, no dude en contactarnos a trav\u00e9s de:<a href=\"mailto:sdpaxun4913@gmail.com\">sdpaxun4913@gmail.com<\/a> <\/p>\n\t\t\t\t\t\t\t\t<\/div>\n\t\t\t\t\t<\/div>\n\t\t\t\t<\/div>\n\t\t\t\t<\/div>","protected":false},"excerpt":{"rendered":"<p>Shipping Policy Homepage \/ Shipping Policy At\u00a0Shandong Ping&#8217;an Construction Machinery Co., Ltd. we strive to provide timely and efficient delivery of our products to our customers. We ship our products to customers both domestically and internationally. Domestic Shipping: We ship our products within mainland China via various shipping carriers, depending on the product and the [&hellip;]<\/p>\n","protected":false},"author":1,"featured_media":0,"parent":0,"menu_order":0,"comment_status":"closed","ping_status":"closed","template":"","meta":{"footnotes":""},"class_list":["post-341","page","type-page","status-publish","hentry"],"_links":{"self":[{"href":"https:\/\/pinganmachinery.com\/es\/wp-json\/wp\/v2\/pages\/341","targetHints":{"allow":["GET"]}}],"collection":[{"href":"https:\/\/pinganmachinery.com\/es\/wp-json\/wp\/v2\/pages"}],"about":[{"href":"https:\/\/pinganmachinery.com\/es\/wp-json\/wp\/v2\/types\/page"}],"author":[{"embeddable":true,"href":"https:\/\/pinganmachinery.com\/es\/wp-json\/wp\/v2\/users\/1"}],"replies":[{"embeddable":true,"href":"https:\/\/pinganmachinery.com\/es\/wp-json\/wp\/v2\/comments?post=341"}],"version-history":[{"count":0,"href":"https:\/\/pinganmachinery.com\/es\/wp-json\/wp\/v2\/pages\/341\/revisions"}],"wp:attachment":[{"href":"https:\/\/pinganmachinery.com\/es\/wp-json\/wp\/v2\/media?parent=341"}],"curies":[{"name":"wp","href":"https:\/\/api.w.org\/{rel}","templated":true}]}}